{"id":65,"date":"2025-12-19T21:36:35","date_gmt":"2025-12-19T20:36:35","guid":{"rendered":"https:\/\/partageclub.eu\/index.php\/conditions-utilisation\/"},"modified":"2025-12-19T21:36:35","modified_gmt":"2025-12-19T20:36:35","slug":"conditions-utilisation","status":"publish","type":"page","link":"https:\/\/partageclub.eu\/index.php\/conditions-utilisation\/","title":{"rendered":"Conditions d\u2019utilisation"},"content":{"rendered":"<div class=\"wp-block-group is-layout-constrained wp-block-group-is-layout-constrained\"><h1 class=\"wp-block-heading\">Conditions d\u2019utilisation<\/h1><p><em>\u00c0 compl\u00e9ter<\/em> : r\u00e8gles, responsabilit\u00e9s, limitation, suspension.<\/p><\/div>","protected":false},"excerpt":{"rendered":"<p>Conditions d\u2019utilisation \u00c0 compl\u00e9ter : r\u00e8gles, responsabilit\u00e9s, limitation, suspension.<\/p>\n","protected":false},"author":1,"featured_media":0,"parent":0,"menu_order":0,"comment_status":"closed","ping_status":"closed","template":"","meta":{"footnotes":""},"class_list":["post-65","page","type-page","status-publish","hentry"],"blocksy_meta":[],"_links":{"self":[{"href":"https:\/\/partageclub.eu\/index.php\/wp-json\/wp\/v2\/pages\/65","targetHints":{"allow":["GET"]}}],"collection":[{"href":"https:\/\/partageclub.eu\/index.php\/wp-json\/wp\/v2\/pages"}],"about":[{"href":"https:\/\/partageclub.eu\/index.php\/wp-json\/wp\/v2\/types\/page"}],"author":[{"embeddable":true,"href":"https:\/\/partageclub.eu\/index.php\/wp-json\/wp\/v2\/users\/1"}],"replies":[{"embeddable":true,"href":"https:\/\/partageclub.eu\/index.php\/wp-json\/wp\/v2\/comments?post=65"}],"version-history":[{"count":0,"href":"https:\/\/partageclub.eu\/index.php\/wp-json\/wp\/v2\/pages\/65\/revisions"}],"wp:attachment":[{"href":"https:\/\/partageclub.eu\/index.php\/wp-json\/wp\/v2\/media?parent=65"}],"curies":[{"name":"wp","href":"https:\/\/api.w.org\/{rel}","templated":true}]}}