{"id":63,"date":"2025-12-19T21:36:35","date_gmt":"2025-12-19T20:36:35","guid":{"rendered":"https:\/\/partageclub.eu\/index.php\/mentions-legales\/"},"modified":"2025-12-19T21:36:35","modified_gmt":"2025-12-19T20:36:35","slug":"mentions-legales","status":"publish","type":"page","link":"https:\/\/partageclub.eu\/index.php\/mentions-legales\/","title":{"rendered":"Mentions l\u00e9gales"},"content":{"rendered":"<div class=\"wp-block-group is-layout-constrained wp-block-group-is-layout-constrained\"><h1 class=\"wp-block-heading\">Mentions l\u00e9gales<\/h1><p><em>\u00c0 compl\u00e9ter<\/em> : \u00e9diteur, soci\u00e9t\u00e9, adresse, h\u00e9bergeur, etc.<\/p><\/div>","protected":false},"excerpt":{"rendered":"<p>Mentions l\u00e9gales \u00c0 compl\u00e9ter : \u00e9diteur, soci\u00e9t\u00e9, adresse, h\u00e9bergeur, etc.<\/p>\n","protected":false},"author":1,"featured_media":0,"parent":0,"menu_order":0,"comment_status":"closed","ping_status":"closed","template":"","meta":{"footnotes":""},"class_list":["post-63","page","type-page","status-publish","hentry"],"blocksy_meta":[],"_links":{"self":[{"href":"https:\/\/partageclub.eu\/index.php\/wp-json\/wp\/v2\/pages\/63","targetHints":{"allow":["GET"]}}],"collection":[{"href":"https:\/\/partageclub.eu\/index.php\/wp-json\/wp\/v2\/pages"}],"about":[{"href":"https:\/\/partageclub.eu\/index.php\/wp-json\/wp\/v2\/types\/page"}],"author":[{"embeddable":true,"href":"https:\/\/partageclub.eu\/index.php\/wp-json\/wp\/v2\/users\/1"}],"replies":[{"embeddable":true,"href":"https:\/\/partageclub.eu\/index.php\/wp-json\/wp\/v2\/comments?post=63"}],"version-history":[{"count":0,"href":"https:\/\/partageclub.eu\/index.php\/wp-json\/wp\/v2\/pages\/63\/revisions"}],"wp:attachment":[{"href":"https:\/\/partageclub.eu\/index.php\/wp-json\/wp\/v2\/media?parent=63"}],"curies":[{"name":"wp","href":"https:\/\/api.w.org\/{rel}","templated":true}]}}