{"id":24,"date":"2025-12-19T20:22:51","date_gmt":"2025-12-19T19:22:51","guid":{"rendered":"https:\/\/partageclub.eu\/index.php\/accueil\/"},"modified":"2025-12-19T20:22:51","modified_gmt":"2025-12-19T19:22:51","slug":"accueil","status":"publish","type":"page","link":"https:\/\/partageclub.eu\/","title":{"rendered":"Accueil"},"content":{"rendered":"\n<main class=\"wp-block-group is-layout-constrained wp-block-group-is-layout-constrained\">\n\n\n<div class=\"wp-block-cover alignfull is-dark\" style=\"min-height:520px;aspect-ratio:unset;\"><span aria-hidden=\"true\" class=\"wp-block-cover__background has-black-background-color has-background-dim\"><\/span><div class=\"wp-block-cover__inner-container is-layout-flow wp-block-cover-is-layout-flow\">\n\n\n<div class=\"wp-block-columns are-vertically-aligned-center is-layout-flex wp-container-core-columns-is-layout-28f84493 wp-block-columns-is-layout-flex\">\n\n<div class=\"wp-block-column is-vertically-aligned-center is-layout-flow wp-block-column-is-layout-flow\" style=\"flex-basis:58%\">\n\n<h1 class=\"wp-block-heading\">Tout ce que vous aimez, partag\u00e9 comme il faut.<\/h1>\n\n\n\n<p class=\"has-large-font-size\">Cr\u00e9ez ou rejoignez un groupe pour partager vos abonnements num\u00e9riques avec des r\u00e8gles claires, des paiements suivis et un acc\u00e8s ma\u00eetris\u00e9.<\/p>\n\n\n\n<div class=\"wp-block-buttons is-layout-flex wp-block-buttons-is-layout-flex\">\n\n<div class=\"wp-block-button is-style-fill\"><a class=\"wp-block-button__link wp-element-button\" href=\"#commencer\">Cr\u00e9er mon groupe<\/a><\/div>\n\n\n\n<div class=\"wp-block-button is-style-outline is-style-outline--1\"><a class=\"wp-block-button__link wp-element-button\" href=\"\/comment-ca-marche\/\">Voir comment \u00e7a marche<\/a><\/div>\n\n<\/div>\n\n\n\n<p><strong>Sans logos de marques<\/strong> : vid\u00e9o, musique, cloud, jeux\u2026 Partagez ce que vous utilisez d\u00e9j\u00e0, de fa\u00e7on organis\u00e9e.<\/p>\n\n<\/div>\n\n\n\n<div class=\"wp-block-column is-vertically-aligned-center is-layout-flow wp-block-column-is-layout-flow\" style=\"flex-basis:42%\">\n\n<div class=\"wp-block-group has-black-color has-white-background-color has-text-color has-background is-layout-constrained wp-container-core-group-is-layout-95339512 wp-block-group-is-layout-constrained\" style=\"padding-top:24px;padding-right:24px;padding-bottom:24px;padding-left:24px\">\n\n<h3 class=\"wp-block-heading\">Pourquoi PartageClub ?<\/h3>\n\n\n<ul class=\"wp-block-list\">\n<li><strong>R\u00e8gles de groupe<\/strong> : qui paie, quand, et quoi faire en cas de retard.<\/li>\n<li><strong>Moins de stress<\/strong> : suivi simple, acc\u00e8s mieux contr\u00f4l\u00e9.<\/li>\n<li><strong>Confiance<\/strong> : transparence, pages l\u00e9gales, communication claire.<\/li>\n<\/ul>\n\n<\/div>\n\n<\/div>\n\n<\/div>\n\n\n<\/div><\/div>\n\n\n\n<div class=\"wp-block-group alignfull is-layout-constrained wp-block-group-is-layout-constrained\" style=\"padding-top:48px;padding-bottom:48px\">\n\n<h2 class=\"has-text-align-center wp-block-heading\">Partager en solo, c\u2019est cher. Partager sans r\u00e8gles, c\u2019est le d\u00e9sordre.<\/h2>\n\n\n\n<div class=\"wp-block-columns is-layout-flex wp-container-core-columns-is-layout-28f84493 wp-block-columns-is-layout-flex\">\n<div class=\"wp-block-column is-layout-flow wp-block-column-is-layout-flow\"><h3 class=\"wp-block-heading\">Paiements en retard<\/h3><p>Suivez les \u00e9ch\u00e9ances et \u00e9vitez les mauvaises surprises au sein du groupe.<\/p><\/div>\n<div class=\"wp-block-column is-layout-flow wp-block-column-is-layout-flow\"><h3 class=\"wp-block-heading\">Mot de passe chang\u00e9<\/h3><p>Une organisation claire limite les coupures d\u2019acc\u00e8s et les changements non annonc\u00e9s.<\/p><\/div>\n<div class=\"wp-block-column is-layout-flow wp-block-column-is-layout-flow\"><h3 class=\"wp-block-heading\">Groupe instable<\/h3><p>Des r\u00e8gles simples + une communication structur\u00e9e = un groupe qui dure.<\/p><\/div>\n<\/div>\n\n<\/div>\n\n\n\n<div id=\"commencer\" class=\"wp-block-group alignfull has-white-color has-black-background-color has-text-color has-background is-layout-constrained wp-block-group-is-layout-constrained\" style=\"padding-top:52px;padding-bottom:52px\">\n\n<div class=\"wp-block-columns are-vertically-aligned-center is-layout-flex wp-container-core-columns-is-layout-28f84493 wp-block-columns-is-layout-flex\">\n\n<div class=\"wp-block-column is-vertically-aligned-center is-layout-flow wp-block-column-is-layout-flow\" style=\"flex-basis:60%\">\n<h2 class=\"wp-block-heading\">Commencez en 3 \u00e9tapes<\/h2>\n<ul class=\"wp-block-list\">\n<li><strong>1.<\/strong> Cr\u00e9ez un groupe (ou rejoignez un groupe existant).<\/li>\n<li><strong>2.<\/strong> D\u00e9finissez des r\u00e8gles simples (paiement, acc\u00e8s, responsabilit\u00e9s).<\/li>\n<li><strong>3.<\/strong> Partagez sereinement, en gardant le contr\u00f4le.<\/li>\n<\/ul>\n<\/div>\n\n\n<div class=\"wp-block-column is-vertically-aligned-center is-layout-flow wp-block-column-is-layout-flow\" style=\"flex-basis:40%\">\n\n<div class=\"wp-block-buttons is-content-justification-center is-layout-flex wp-container-core-buttons-is-layout-a89b3969 wp-block-buttons-is-layout-flex\"><div class=\"wp-block-button has-custom-width wp-block-button__width-100\"><a class=\"wp-block-button__link wp-element-button\" href=\"\/contact\/\">Cr\u00e9er un compte<\/a><\/div><\/div>\n\n<p class=\"has-text-align-center\">Application mobile \u00e0 venir (iOS &amp; Android).<\/p>\n<\/div>\n\n<\/div>\n\n<\/div>\n\n\n<\/main>\n","protected":false},"excerpt":{"rendered":"<p>Partager en solo, c\u2019est cher. Partager sans r\u00e8gles, c\u2019est le d\u00e9sordre. Paiements en retard Suivez les \u00e9ch\u00e9ances et \u00e9vitez les mauvaises surprises au sein du groupe. Mot de passe chang\u00e9 Une organisation claire limite les coupures d\u2019acc\u00e8s et les changements non annonc\u00e9s. Groupe instable Des r\u00e8gles simples + une communication structur\u00e9e = un groupe qui [&hellip;]<\/p>\n","protected":false},"author":1,"featured_media":0,"parent":0,"menu_order":0,"comment_status":"closed","ping_status":"closed","template":"","meta":{"footnotes":""},"class_list":["post-24","page","type-page","status-publish","hentry"],"blocksy_meta":[],"_links":{"self":[{"href":"https:\/\/partageclub.eu\/index.php\/wp-json\/wp\/v2\/pages\/24","targetHints":{"allow":["GET"]}}],"collection":[{"href":"https:\/\/partageclub.eu\/index.php\/wp-json\/wp\/v2\/pages"}],"about":[{"href":"https:\/\/partageclub.eu\/index.php\/wp-json\/wp\/v2\/types\/page"}],"author":[{"embeddable":true,"href":"https:\/\/partageclub.eu\/index.php\/wp-json\/wp\/v2\/users\/1"}],"replies":[{"embeddable":true,"href":"https:\/\/partageclub.eu\/index.php\/wp-json\/wp\/v2\/comments?post=24"}],"version-history":[{"count":0,"href":"https:\/\/partageclub.eu\/index.php\/wp-json\/wp\/v2\/pages\/24\/revisions"}],"wp:attachment":[{"href":"https:\/\/partageclub.eu\/index.php\/wp-json\/wp\/v2\/media?parent=24"}],"curies":[{"name":"wp","href":"https:\/\/api.w.org\/{rel}","templated":true}]}}